{"id":19,"date":"2017-11-06T14:28:18","date_gmt":"2017-11-06T14:28:18","guid":{"rendered":"https:\/\/kindergarten.sterhard.de\/?page_id=19"},"modified":"2026-04-08T12:39:54","modified_gmt":"2026-04-08T12:39:54","slug":"unser-team","status":"publish","type":"page","link":"https:\/\/kindergarten.sterhard.de\/?page_id=19","title":{"rendered":"Das sind wir"},"content":{"rendered":"\n<div class=\"wp-block-media-text alignwide is-stacked-on-mobile\"><figure class=\"wp-block-media-text__media\"><img decoding=\"async\" loading=\"lazy\" width=\"768\" height=\"1024\" src=\"https:\/\/kindergarten.sterhard.de\/wp-content\/uploads\/2025\/08\/steffi-wieser-25-28-10-BEA-768x1024.png\" alt=\"\" class=\"wp-image-830 size-full\" srcset=\"https:\/\/kindergarten.sterhard.de\/wp-content\/uploads\/2025\/08\/steffi-wieser-25-28-10-BEA-768x1024.png 768w, https:\/\/kindergarten.sterhard.de\/wp-content\/uploads\/2025\/08\/steffi-wieser-25-28-10-BEA-225x300.png 225w, https:\/\/kindergarten.sterhard.de\/wp-content\/uploads\/2025\/08\/steffi-wieser-25-28-10-BEA-1152x1536.png 1152w, https:\/\/kindergarten.sterhard.de\/wp-content\/uploads\/2025\/08\/steffi-wieser-25-28-10-BEA-1536x2048.png 1536w\" sizes=\"(max-width: 767px) 89vw, (max-width: 1000px) 54vw, (max-width: 1071px) 543px, 580px\" \/><\/figure><div class=\"wp-block-media-text__content\">\n<p><span style=\"text-decoration: underline;\">Katrin Kaak<\/span><\/p>\n\n\n\n<p>Leitung<br>Erzieherin in der Marienk\u00e4fergruppe<br>zertifizierte Kinderyoga- und Achtsamkeitstrainerin <\/p>\n<\/div><\/div>\n\n\n\n<div class=\"wp-block-media-text alignwide is-stacked-on-mobile\"><figure class=\"wp-block-media-text__media\"><img decoding=\"async\" loading=\"lazy\" width=\"739\" height=\"1024\" src=\"https:\/\/kindergarten.sterhard.de\/wp-content\/uploads\/2022\/01\/sw-20-54-110-739x1024.jpg\" alt=\"\" class=\"wp-image-580 size-full\" srcset=\"https:\/\/kindergarten.sterhard.de\/wp-content\/uploads\/2022\/01\/sw-20-54-110-739x1024.jpg 739w, https:\/\/kindergarten.sterhard.de\/wp-content\/uploads\/2022\/01\/sw-20-54-110-217x300.jpg 217w, https:\/\/kindergarten.sterhard.de\/wp-content\/uploads\/2022\/01\/sw-20-54-110-768x1064.jpg 768w, https:\/\/kindergarten.sterhard.de\/wp-content\/uploads\/2022\/01\/sw-20-54-110-1109x1536.jpg 1109w, https:\/\/kindergarten.sterhard.de\/wp-content\/uploads\/2022\/01\/sw-20-54-110-1479x2048.jpg 1479w, https:\/\/kindergarten.sterhard.de\/wp-content\/uploads\/2022\/01\/sw-20-54-110.jpg 1535w\" sizes=\"(max-width: 739px) 100vw, 739px\" \/><\/figure><div class=\"wp-block-media-text__content\">\n<p><span style=\"text-decoration: underline;\">Dorota Kasseckert<\/span><\/p>\n\n\n\n<p>Kinderpflegerin in der Marienk\u00e4fergruppe<\/p>\n<\/div><\/div>\n\n\n\n<div class=\"wp-block-media-text alignwide is-stacked-on-mobile\"><figure class=\"wp-block-media-text__media\"><img decoding=\"async\" loading=\"lazy\" width=\"740\" height=\"1024\" src=\"https:\/\/kindergarten.sterhard.de\/wp-content\/uploads\/2021\/01\/20-140-41-740x1024.jpg\" alt=\"\" class=\"wp-image-494 size-full\" srcset=\"https:\/\/kindergarten.sterhard.de\/wp-content\/uploads\/2021\/01\/20-140-41-740x1024.jpg 740w, https:\/\/kindergarten.sterhard.de\/wp-content\/uploads\/2021\/01\/20-140-41-217x300.jpg 217w, https:\/\/kindergarten.sterhard.de\/wp-content\/uploads\/2021\/01\/20-140-41-768x1063.jpg 768w, https:\/\/kindergarten.sterhard.de\/wp-content\/uploads\/2021\/01\/20-140-41-1109x1536.jpg 1109w, https:\/\/kindergarten.sterhard.de\/wp-content\/uploads\/2021\/01\/20-140-41-1479x2048.jpg 1479w, https:\/\/kindergarten.sterhard.de\/wp-content\/uploads\/2021\/01\/20-140-41-scaled.jpg 1849w\" sizes=\"(max-width: 706px) 89vw, (max-width: 767px) 82vw, 740px\" \/><\/figure><div class=\"wp-block-media-text__content\">\n<p><span style=\"text-decoration: underline;\">Gerti Weilguni<\/span><\/p>\n\n\n\n<p>stellvertretende Leitung<br>Erzieherin in der Schmetterlingsgruppe<\/p>\n\n\n\n<p><span style=\"text-decoration: underline;\"><\/span><\/p>\n<\/div><\/div>\n\n\n\n<div class=\"wp-block-media-text alignwide is-stacked-on-mobile\"><figure class=\"wp-block-media-text__media\"><img decoding=\"async\" loading=\"lazy\" width=\"768\" height=\"1024\" src=\"https:\/\/kindergarten.sterhard.de\/wp-content\/uploads\/2025\/10\/Barbara-768x1024.png\" alt=\"\" class=\"wp-image-840 size-full\" srcset=\"https:\/\/kindergarten.sterhard.de\/wp-content\/uploads\/2025\/10\/Barbara-768x1024.png 768w, https:\/\/kindergarten.sterhard.de\/wp-content\/uploads\/2025\/10\/Barbara-225x300.png 225w, https:\/\/kindergarten.sterhard.de\/wp-content\/uploads\/2025\/10\/Barbara-1152x1536.png 1152w, https:\/\/kindergarten.sterhard.de\/wp-content\/uploads\/2025\/10\/Barbara-1536x2048.png 1536w\" sizes=\"(max-width: 767px) 89vw, (max-width: 1000px) 54vw, (max-width: 1071px) 543px, 580px\" \/><\/figure><div class=\"wp-block-media-text__content\">\n<p><span style=\"text-decoration: underline;\">Barbara Post<\/span><\/p>\n\n\n\n<p>Erzieherin in der Schmetterlingsgruppe<\/p>\n\n\n\n<p><span style=\"text-decoration: underline;\"><\/span><\/p>\n<\/div><\/div>\n\n\n\n<div class=\"wp-block-media-text alignwide is-stacked-on-mobile\"><figure class=\"wp-block-media-text__media\"><img decoding=\"async\" loading=\"lazy\" width=\"768\" height=\"1024\" src=\"https:\/\/kindergarten.sterhard.de\/wp-content\/uploads\/2025\/10\/Nadine-768x1024.png\" alt=\"\" class=\"wp-image-843 size-full\" srcset=\"https:\/\/kindergarten.sterhard.de\/wp-content\/uploads\/2025\/10\/Nadine-768x1024.png 768w, https:\/\/kindergarten.sterhard.de\/wp-content\/uploads\/2025\/10\/Nadine-225x300.png 225w, https:\/\/kindergarten.sterhard.de\/wp-content\/uploads\/2025\/10\/Nadine-1152x1536.png 1152w, https:\/\/kindergarten.sterhard.de\/wp-content\/uploads\/2025\/10\/Nadine-1536x2048.png 1536w\" sizes=\"(max-width: 767px) 89vw, (max-width: 1000px) 54vw, (max-width: 1071px) 543px, 580px\" \/><\/figure><div class=\"wp-block-media-text__content\">\n<p><span style=\"text-decoration: underline;\">Nadine Sedlmaier<\/span><\/p>\n\n\n\n<p>Erzieherin in der Schmetterlingsgruppe<\/p>\n\n\n\n<p><span style=\"text-decoration: underline;\"><\/span><\/p>\n<\/div><\/div>\n\n\n\n<div class=\"wp-block-media-text alignwide is-stacked-on-mobile\"><figure class=\"wp-block-media-text__media\"><img decoding=\"async\" loading=\"lazy\" width=\"739\" height=\"1024\" src=\"https:\/\/kindergarten.sterhard.de\/wp-content\/uploads\/2022\/01\/sw-20-54-120-739x1024.jpg\" alt=\"\" class=\"wp-image-585 size-full\" srcset=\"https:\/\/kindergarten.sterhard.de\/wp-content\/uploads\/2022\/01\/sw-20-54-120-739x1024.jpg 739w, https:\/\/kindergarten.sterhard.de\/wp-content\/uploads\/2022\/01\/sw-20-54-120-217x300.jpg 217w, https:\/\/kindergarten.sterhard.de\/wp-content\/uploads\/2022\/01\/sw-20-54-120-768x1064.jpg 768w, https:\/\/kindergarten.sterhard.de\/wp-content\/uploads\/2022\/01\/sw-20-54-120-1109x1536.jpg 1109w, https:\/\/kindergarten.sterhard.de\/wp-content\/uploads\/2022\/01\/sw-20-54-120-1479x2048.jpg 1479w, https:\/\/kindergarten.sterhard.de\/wp-content\/uploads\/2022\/01\/sw-20-54-120.jpg 1535w\" sizes=\"(max-width: 739px) 100vw, 739px\" \/><\/figure><div class=\"wp-block-media-text__content\">\n<p><span style=\"text-decoration: underline;\">Heike Baumann<\/span><\/p>\n\n\n\n<p>Erzieherin in der M\u00e4usegruppe<\/p>\n<\/div><\/div>\n\n\n\n<div class=\"wp-block-media-text alignwide is-stacked-on-mobile\"><figure class=\"wp-block-media-text__media\"><img decoding=\"async\" loading=\"lazy\" width=\"739\" height=\"1024\" src=\"https:\/\/kindergarten.sterhard.de\/wp-content\/uploads\/2019\/08\/19-152-1733-739x1024.jpg\" alt=\"\" class=\"wp-image-362 size-full\" srcset=\"https:\/\/kindergarten.sterhard.de\/wp-content\/uploads\/2019\/08\/19-152-1733-739x1024.jpg 739w, https:\/\/kindergarten.sterhard.de\/wp-content\/uploads\/2019\/08\/19-152-1733-217x300.jpg 217w, https:\/\/kindergarten.sterhard.de\/wp-content\/uploads\/2019\/08\/19-152-1733-768x1064.jpg 768w, https:\/\/kindergarten.sterhard.de\/wp-content\/uploads\/2019\/08\/19-152-1733.jpg 1535w\" sizes=\"(max-width: 739px) 100vw, 739px\" \/><\/figure><div class=\"wp-block-media-text__content\">\n<p><span style=\"text-decoration: underline;\">Heidi Pritscher<\/span><\/p>\n\n\n\n<p>Kinderpflegerin in der M\u00e4usegruppe<\/p>\n<\/div><\/div>\n\n\n\n<div class=\"wp-block-media-text alignwide is-stacked-on-mobile\"><figure class=\"wp-block-media-text__media\"><img decoding=\"async\" loading=\"lazy\" width=\"739\" height=\"1024\" src=\"https:\/\/kindergarten.sterhard.de\/wp-content\/uploads\/2019\/08\/19-152-1476-739x1024.jpg\" alt=\"\" class=\"wp-image-358 size-full\" srcset=\"https:\/\/kindergarten.sterhard.de\/wp-content\/uploads\/2019\/08\/19-152-1476-739x1024.jpg 739w, https:\/\/kindergarten.sterhard.de\/wp-content\/uploads\/2019\/08\/19-152-1476-217x300.jpg 217w, https:\/\/kindergarten.sterhard.de\/wp-content\/uploads\/2019\/08\/19-152-1476-768x1064.jpg 768w, https:\/\/kindergarten.sterhard.de\/wp-content\/uploads\/2019\/08\/19-152-1476.jpg 1535w\" sizes=\"(max-width: 739px) 100vw, 739px\" \/><\/figure><div class=\"wp-block-media-text__content\">\n<p><span style=\"text-decoration: underline;\">Heidi Hornschuh<\/span><\/p>\n\n\n\n<p>Erzieherin in der M\u00e4usegruppe                                Inklusionsfachkraft<\/p>\n<\/div><\/div>\n\n\n\n<div class=\"wp-block-media-text alignwide is-stacked-on-mobile\"><figure class=\"wp-block-media-text__media\"><img decoding=\"async\" loading=\"lazy\" width=\"739\" height=\"1024\" src=\"https:\/\/kindergarten.sterhard.de\/wp-content\/uploads\/2022\/01\/sw-20-54-118-739x1024.jpg\" alt=\"\" class=\"wp-image-584 size-full\" srcset=\"https:\/\/kindergarten.sterhard.de\/wp-content\/uploads\/2022\/01\/sw-20-54-118-739x1024.jpg 739w, https:\/\/kindergarten.sterhard.de\/wp-content\/uploads\/2022\/01\/sw-20-54-118-217x300.jpg 217w, https:\/\/kindergarten.sterhard.de\/wp-content\/uploads\/2022\/01\/sw-20-54-118-768x1064.jpg 768w, https:\/\/kindergarten.sterhard.de\/wp-content\/uploads\/2022\/01\/sw-20-54-118-1109x1536.jpg 1109w, https:\/\/kindergarten.sterhard.de\/wp-content\/uploads\/2022\/01\/sw-20-54-118-1479x2048.jpg 1479w, https:\/\/kindergarten.sterhard.de\/wp-content\/uploads\/2022\/01\/sw-20-54-118.jpg 1535w\" sizes=\"(max-width: 739px) 100vw, 739px\" \/><\/figure><div class=\"wp-block-media-text__content\">\n<p><span style=\"text-decoration: underline;\">Kerstin Pehal<\/span><\/p>\n\n\n\n<p>Kinderpflegerin in der M\u00e4usegruppe<\/p>\n<\/div><\/div>\n\n\n\n<div class=\"wp-block-media-text alignwide is-stacked-on-mobile\"><figure class=\"wp-block-media-text__media\"><img decoding=\"async\" loading=\"lazy\" width=\"839\" height=\"1024\" src=\"https:\/\/kindergarten.sterhard.de\/wp-content\/uploads\/2026\/01\/IMG-20260106-WA0000-839x1024.jpg\" alt=\"\" class=\"wp-image-864 size-full\" srcset=\"https:\/\/kindergarten.sterhard.de\/wp-content\/uploads\/2026\/01\/IMG-20260106-WA0000-839x1024.jpg 839w, https:\/\/kindergarten.sterhard.de\/wp-content\/uploads\/2026\/01\/IMG-20260106-WA0000-246x300.jpg 246w, https:\/\/kindergarten.sterhard.de\/wp-content\/uploads\/2026\/01\/IMG-20260106-WA0000-768x937.jpg 768w, https:\/\/kindergarten.sterhard.de\/wp-content\/uploads\/2026\/01\/IMG-20260106-WA0000-1259x1536.jpg 1259w, https:\/\/kindergarten.sterhard.de\/wp-content\/uploads\/2026\/01\/IMG-20260106-WA0000.jpg 1678w\" sizes=\"(max-width: 767px) 89vw, (max-width: 1000px) 54vw, (max-width: 1071px) 543px, 580px\" \/><\/figure><div class=\"wp-block-media-text__content\">\n<p><span style=\"text-decoration: underline;\">Agnes Nolepa<\/span><\/p>\n\n\n\n<p>K\u00fcchenhilfskraft<\/p>\n<\/div><\/div>\n\n\n\n<p>Die Fotos wurden uns freundlicherweise zur Verf\u00fcgung gestellt von:<\/p>\n\n\n\n<p>Foto Wieser<\/p>\n\n\n\n<p>Fotografin: Stefanie Wieser<\/p>\n","protected":false},"excerpt":{"rendered":"<p>Katrin Kaak LeitungErzieherin in der Marienk\u00e4fergruppezertifizierte Kinderyoga- und Achtsamkeitstrainerin Dorota Kasseckert Kinderpflegerin in der Marienk\u00e4fergruppe Gerti Weilguni stellvertretende LeitungErzieherin in der Schmetterlingsgruppe Barbara Post Erzieherin in der Schmetterlingsgruppe Nadine Sedlmaier Erzieherin in der Schmetterlingsgruppe Heike Baumann Erzieherin in der M\u00e4usegruppe Heidi Pritscher Kinderpflegerin in der M\u00e4usegruppe Heidi Hornschuh Erzieherin in der M\u00e4usegruppe Inklusionsfachkraft Kerstin Pehal &hellip; <\/p>\n<p class=\"link-more\"><a href=\"https:\/\/kindergarten.sterhard.de\/?page_id=19\" class=\"more-link\"><span class=\"screen-reader-text\">\u201eDas sind wir\u201c<\/span> weiterlesen<\/a><\/p>\n","protected":false},"author":1,"featured_media":0,"parent":0,"menu_order":3,"comment_status":"closed","ping_status":"closed","template":"","meta":[],"_links":{"self":[{"href":"https:\/\/kindergarten.sterhard.de\/index.php?rest_route=\/wp\/v2\/pages\/19"}],"collection":[{"href":"https:\/\/kindergarten.sterhard.de\/index.php?rest_route=\/wp\/v2\/pages"}],"about":[{"href":"https:\/\/kindergarten.sterhard.de\/index.php?rest_route=\/wp\/v2\/types\/page"}],"author":[{"embeddable":true,"href":"https:\/\/kindergarten.sterhard.de\/index.php?rest_route=\/wp\/v2\/users\/1"}],"replies":[{"embeddable":true,"href":"https:\/\/kindergarten.sterhard.de\/index.php?rest_route=%2Fwp%2Fv2%2Fcomments&post=19"}],"version-history":[{"count":66,"href":"https:\/\/kindergarten.sterhard.de\/index.php?rest_route=\/wp\/v2\/pages\/19\/revisions"}],"predecessor-version":[{"id":916,"href":"https:\/\/kindergarten.sterhard.de\/index.php?rest_route=\/wp\/v2\/pages\/19\/revisions\/916"}],"wp:attachment":[{"href":"https:\/\/kindergarten.sterhard.de\/index.php?rest_route=%2Fwp%2Fv2%2Fmedia&parent=19"}],"curies":[{"name":"wp","href":"https:\/\/api.w.org\/{rel}","templated":true}]}}