{"id":522,"date":"2021-01-13T18:06:17","date_gmt":"2021-01-13T18:06:17","guid":{"rendered":"https:\/\/kindergarten.sterhard.de\/?page_id=522"},"modified":"2026-03-06T13:12:31","modified_gmt":"2026-03-06T13:12:31","slug":"anmeldung","status":"publish","type":"page","link":"https:\/\/kindergarten.sterhard.de\/?page_id=522","title":{"rendered":"Anmeldung"},"content":{"rendered":"\n<p><span style=\"text-decoration: underline;\">Anmeldung f\u00fcr das Kindergartenjahr 2025\/26:<\/span><\/p>\n\n\n\n<p>Die pers\u00f6nliche Anmeldung findet am <strong>Montag, den 02.02.2026  <\/strong>sowie <strong>am Montag, den 09.02.2026 jeweils von 9:00 &#8211; 11:00 Uhr und von 13:30 &#8211; 15:30 Uhr<\/strong> in unserem Kindergarten statt. Die Kinder sollten zur Anmeldung mitgebracht werden. <strong>Die Anmeldefrist endet am 15.02.2026.<\/strong> Anmeldungen, die sp\u00e4ter eingehen, k\u00f6nnen nur noch bei ausreichendem Platzangebot ber\u00fccksichtigt werden. <\/p>\n\n\n\n<p>Wir bitten au\u00dferdem alle Eltern, die ab September andere Buchungszeiten w\u00fcnschen, uns dies bis sp\u00e4testens 31.03.2026 mitzuteilen.<\/p>\n\n\n\n<div class=\"wp-block-columns is-layout-flex wp-container-2\">\n<div class=\"wp-block-column is-layout-flow\" style=\"flex-basis:100%\">\n<p><strong>Bitte beachten Sie:<\/strong><\/p>\n\n\n\n<ul>\n<li>Um Doppelanmeldungen auszuschlie\u00dfen, wird ein Datenabgleich zwischen den Einrichtungen des Marktes Essenbach erfolgen.<\/li>\n\n\n\n<li>Ihr Anmeldewunsch ist unverbindlich, eine verbindliche Zusage zur Aufnahme des Kindes in die Kindertageseinrichtung entsteht erst mit Abschluss des Bildungs- und Betreuungsvertrages zwischen den Eltern \/ Personensorgeberechtigte(n) und dem Tr\u00e4ger der Einrichtung.<\/li>\n\n\n\n<li><strong>Sie werden schriftlich \u00fcber die Vergabe der Pl\u00e4tze benachrichtigt. Dieses erfolgt zeitlich nach dem Schuleinschreibungstermin.\u00a0<\/strong>(im April 2026)<\/li>\n\n\n\n<li>Eine ausreichende Masernschutzimpfung ist erforderlich.<\/li>\n<\/ul>\n\n\n\n<p>Bei eventuellen R\u00fcckfragen stehen wir Ihnen gerne telefonisch unter der Telefonnummer 08703\/401 zur Verf\u00fcgung.<\/p>\n\n\n\n<p>Die Reihenfolge der Anmeldung spielt bei der Vergabe der Pl\u00e4tze keine Rolle. <\/p>\n\n\n\n<p>Eine Anmeldung garantiert keine Platzzusage.<\/p>\n\n\n\n<p><\/p>\n<\/div>\n<\/div>\n\n\n\n<div class=\"wp-block-file\"><a id=\"wp-block-file--media-83c460a8-432e-423c-bdd6-709d9ebd75c3\" href=\"https:\/\/kindergarten.sterhard.de\/wp-content\/uploads\/2025\/01\/Anmeldeblatt_2025.docx\" target=\"_blank\" rel=\"noreferrer noopener\">Anmeldeblatt_2026<\/a><a href=\"https:\/\/kindergarten.sterhard.de\/wp-content\/uploads\/2025\/01\/Anmeldeblatt_2025.docx\" class=\"wp-block-file__button wp-element-button\" download aria-describedby=\"wp-block-file--media-83c460a8-432e-423c-bdd6-709d9ebd75c3\">Herunterladen<\/a><\/div>\n\n\n\n<p><\/p>\n","protected":false},"excerpt":{"rendered":"<p>Anmeldung f\u00fcr das Kindergartenjahr 2025\/26: Die pers\u00f6nliche Anmeldung findet am Montag, den 02.02.2026 sowie am Montag, den 09.02.2026 jeweils von 9:00 &#8211; 11:00 Uhr und von 13:30 &#8211; 15:30 Uhr in unserem Kindergarten statt. Die Kinder sollten zur Anmeldung mitgebracht werden. Die Anmeldefrist endet am 15.02.2026. Anmeldungen, die sp\u00e4ter eingehen, k\u00f6nnen nur noch bei ausreichendem &hellip; <\/p>\n<p class=\"link-more\"><a href=\"https:\/\/kindergarten.sterhard.de\/?page_id=522\" class=\"more-link\"><span class=\"screen-reader-text\">\u201eAnmeldung\u201c<\/span> weiterlesen<\/a><\/p>\n","protected":false},"author":1,"featured_media":0,"parent":0,"menu_order":0,"comment_status":"closed","ping_status":"closed","template":"","meta":[],"_links":{"self":[{"href":"https:\/\/kindergarten.sterhard.de\/index.php?rest_route=\/wp\/v2\/pages\/522"}],"collection":[{"href":"https:\/\/kindergarten.sterhard.de\/index.php?rest_route=\/wp\/v2\/pages"}],"about":[{"href":"https:\/\/kindergarten.sterhard.de\/index.php?rest_route=\/wp\/v2\/types\/page"}],"author":[{"embeddable":true,"href":"https:\/\/kindergarten.sterhard.de\/index.php?rest_route=\/wp\/v2\/users\/1"}],"replies":[{"embeddable":true,"href":"https:\/\/kindergarten.sterhard.de\/index.php?rest_route=%2Fwp%2Fv2%2Fcomments&post=522"}],"version-history":[{"count":27,"href":"https:\/\/kindergarten.sterhard.de\/index.php?rest_route=\/wp\/v2\/pages\/522\/revisions"}],"predecessor-version":[{"id":875,"href":"https:\/\/kindergarten.sterhard.de\/index.php?rest_route=\/wp\/v2\/pages\/522\/revisions\/875"}],"wp:attachment":[{"href":"https:\/\/kindergarten.sterhard.de\/index.php?rest_route=%2Fwp%2Fv2%2Fmedia&parent=522"}],"curies":[{"name":"wp","href":"https:\/\/api.w.org\/{rel}","templated":true}]}}