{"id":76,"date":"2017-11-06T16:19:23","date_gmt":"2017-11-06T16:19:23","guid":{"rendered":"https:\/\/kindergarten.sterhard.de\/?page_id=76"},"modified":"2025-08-25T10:32:00","modified_gmt":"2025-08-25T10:32:00","slug":"impressum","status":"publish","type":"page","link":"https:\/\/kindergarten.sterhard.de\/?page_id=76","title":{"rendered":"Impressum"},"content":{"rendered":"<p><strong>Pflichtangaben gem\u00e4\u00df \u00a75 TMG<\/strong><\/p>\n<p>Kindergarten Sankt Erhard<br \/>\nBadstra\u00dfe 2<br \/>\nOberahrain<br \/>\n84051 Essenbach<\/p>\n<p>Telefon: 08703 \/ 401<br \/>\nemail: kindergarten@sterhard.de<\/p>\n<p>Leitung: Katrin Kaak<\/p>\n<p>Tr\u00e4ger:<br \/>\nKatholische Kirchenstiftung Ahrain<br \/>\nLandshuter Stra\u00dfe 4<br \/>\nOberahrain<br \/>\n84051 Essenbach<br \/>\nPfarrer Dirk Rolland<br \/>\nemail: ahrain@bistum-regensburg.de<\/p>\n<p>www.kiga.sterhard.de<br \/>\nwww.kindergarten.sterhard.de<\/p>\n<p>Der Kindergarten Sankt Erhard \u00fcbernimmt keine Verantwortung f\u00fcr die Richtigkeit, die Erreichbarkeit und Inhalte der aufgef\u00fchrten fremden Websites und Banner.<\/p>\n","protected":false},"excerpt":{"rendered":"<p>Pflichtangaben gem\u00e4\u00df \u00a75 TMG Kindergarten Sankt Erhard Badstra\u00dfe 2 Oberahrain 84051 Essenbach Telefon: 08703 \/ 401 email: kindergarten@sterhard.de Leitung: Katrin Kaak Tr\u00e4ger: Katholische Kirchenstiftung Ahrain Landshuter Stra\u00dfe 4 Oberahrain 84051 Essenbach Pfarrer Dirk Rolland email: ahrain@bistum-regensburg.de www.kiga.sterhard.de www.kindergarten.sterhard.de Der Kindergarten Sankt Erhard \u00fcbernimmt keine Verantwortung f\u00fcr die Richtigkeit, die Erreichbarkeit und Inhalte der aufgef\u00fchrten fremden &hellip; <\/p>\n<p class=\"link-more\"><a href=\"https:\/\/kindergarten.sterhard.de\/?page_id=76\" class=\"more-link\"><span class=\"screen-reader-text\">\u201eImpressum\u201c<\/span> weiterlesen<\/a><\/p>\n","protected":false},"author":1,"featured_media":0,"parent":0,"menu_order":0,"comment_status":"closed","ping_status":"closed","template":"","meta":[],"_links":{"self":[{"href":"https:\/\/kindergarten.sterhard.de\/index.php?rest_route=\/wp\/v2\/pages\/76"}],"collection":[{"href":"https:\/\/kindergarten.sterhard.de\/index.php?rest_route=\/wp\/v2\/pages"}],"about":[{"href":"https:\/\/kindergarten.sterhard.de\/index.php?rest_route=\/wp\/v2\/types\/page"}],"author":[{"embeddable":true,"href":"https:\/\/kindergarten.sterhard.de\/index.php?rest_route=\/wp\/v2\/users\/1"}],"replies":[{"embeddable":true,"href":"https:\/\/kindergarten.sterhard.de\/index.php?rest_route=%2Fwp%2Fv2%2Fcomments&post=76"}],"version-history":[{"count":4,"href":"https:\/\/kindergarten.sterhard.de\/index.php?rest_route=\/wp\/v2\/pages\/76\/revisions"}],"predecessor-version":[{"id":834,"href":"https:\/\/kindergarten.sterhard.de\/index.php?rest_route=\/wp\/v2\/pages\/76\/revisions\/834"}],"wp:attachment":[{"href":"https:\/\/kindergarten.sterhard.de\/index.php?rest_route=%2Fwp%2Fv2%2Fmedia&parent=76"}],"curies":[{"name":"wp","href":"https:\/\/api.w.org\/{rel}","templated":true}]}}