{"id":8,"date":"2017-11-05T23:06:01","date_gmt":"2017-11-05T23:06:01","guid":{"rendered":"https:\/\/kindergarten.sterhard.de\/?page_id=8"},"modified":"2026-04-08T12:21:01","modified_gmt":"2026-04-08T12:21:01","slug":"diese-website-ist-in-arbeit","status":"publish","type":"page","link":"https:\/\/kindergarten.sterhard.de\/","title":{"rendered":"HERZLICH WILLKOMMEN AUF UNSERER WEBSITE"},"content":{"rendered":"<div class=\"wp-block-image\">\n<figure class=\"aligncenter size-full is-resized\"><img decoding=\"async\" loading=\"lazy\" src=\"https:\/\/kindergarten.sterhard.de\/wp-content\/uploads\/2026\/04\/cropped-Logo.jpg\" alt=\"\" class=\"wp-image-880\" width=\"262\" height=\"262\" srcset=\"https:\/\/kindergarten.sterhard.de\/wp-content\/uploads\/2026\/04\/cropped-Logo.jpg 512w, https:\/\/kindergarten.sterhard.de\/wp-content\/uploads\/2026\/04\/cropped-Logo-300x300.jpg 300w, https:\/\/kindergarten.sterhard.de\/wp-content\/uploads\/2026\/04\/cropped-Logo-150x150.jpg 150w, https:\/\/kindergarten.sterhard.de\/wp-content\/uploads\/2026\/04\/cropped-Logo-100x100.jpg 100w, https:\/\/kindergarten.sterhard.de\/wp-content\/uploads\/2026\/04\/cropped-Logo-270x270.jpg 270w, https:\/\/kindergarten.sterhard.de\/wp-content\/uploads\/2026\/04\/cropped-Logo-192x192.jpg 192w, https:\/\/kindergarten.sterhard.de\/wp-content\/uploads\/2026\/04\/cropped-Logo-180x180.jpg 180w, https:\/\/kindergarten.sterhard.de\/wp-content\/uploads\/2026\/04\/cropped-Logo-32x32.jpg 32w\" sizes=\"(max-width: 262px) 100vw, 262px\" \/><\/figure><\/div>\n\n\n<p><\/p>\n\n\n<h4 style=\"text-align: center;\"><strong>Herzlich Willkommen auf unserer Internetseite des katholischen Kindergarten St. Erhard in Oberahrain!<\/strong><\/h4>\n<p style=\"text-align: center;\">Auf den folgenden Seiten finden Sie alles Wissenswerte \u00fcber uns und zahlreiche Informationen \u00fcber unseren Kindergarten und die Menschen, die ihn zu dem machen, was er ist. Wir w\u00fcnschen Ihnen viel Freude beim St\u00f6bern und Lesen!<\/p>","protected":false},"excerpt":{"rendered":"<p>Herzlich Willkommen auf unserer Internetseite des katholischen Kindergarten St. Erhard in Oberahrain! Auf den folgenden Seiten finden Sie alles Wissenswerte \u00fcber uns und zahlreiche Informationen \u00fcber unseren Kindergarten und die Menschen, die ihn zu dem machen, was er ist. Wir w\u00fcnschen Ihnen viel Freude beim St\u00f6bern und Lesen!<\/p>\n","protected":false},"author":1,"featured_media":0,"parent":0,"menu_order":1,"comment_status":"closed","ping_status":"closed","template":"","meta":[],"_links":{"self":[{"href":"https:\/\/kindergarten.sterhard.de\/index.php?rest_route=\/wp\/v2\/pages\/8"}],"collection":[{"href":"https:\/\/kindergarten.sterhard.de\/index.php?rest_route=\/wp\/v2\/pages"}],"about":[{"href":"https:\/\/kindergarten.sterhard.de\/index.php?rest_route=\/wp\/v2\/types\/page"}],"author":[{"embeddable":true,"href":"https:\/\/kindergarten.sterhard.de\/index.php?rest_route=\/wp\/v2\/users\/1"}],"replies":[{"embeddable":true,"href":"https:\/\/kindergarten.sterhard.de\/index.php?rest_route=%2Fwp%2Fv2%2Fcomments&post=8"}],"version-history":[{"count":7,"href":"https:\/\/kindergarten.sterhard.de\/index.php?rest_route=\/wp\/v2\/pages\/8\/revisions"}],"predecessor-version":[{"id":896,"href":"https:\/\/kindergarten.sterhard.de\/index.php?rest_route=\/wp\/v2\/pages\/8\/revisions\/896"}],"wp:attachment":[{"href":"https:\/\/kindergarten.sterhard.de\/index.php?rest_route=%2Fwp%2Fv2%2Fmedia&parent=8"}],"curies":[{"name":"wp","href":"https:\/\/api.w.org\/{rel}","templated":true}]}}