{"id":87,"date":"2018-02-12T15:11:25","date_gmt":"2018-02-12T15:11:25","guid":{"rendered":"https:\/\/kindergarten.sterhard.de\/?page_id=87"},"modified":"2026-04-08T12:09:49","modified_gmt":"2026-04-08T12:09:49","slug":"kindergarten","status":"publish","type":"page","link":"https:\/\/kindergarten.sterhard.de\/?page_id=87","title":{"rendered":"Unser Kindergarten"},"content":{"rendered":"<p>Bereits im Jahr 1964 \u00f6ffnete der Kindergarten St. Erhard zum ersten mal seine T\u00fcren. Mittlerweile sind viele Jahre vergangen und unsers Haus hat viele Ver\u00e4nderungen mitgemacht. Seit 2008 sind die Kinder in einem neu gebauten Geb\u00e4ude untergebracht.<\/p>\n<p>Wir arbeiten mit einem teiloffenen Konzept, d. h. die Kinder sind in ihrer Heimatgruppe &#8222;zu Hause&#8220;, in der ein fester Tagesablauf statt findet. Hier wird gemeinsam gespielt, gebastelt, gegessen und vieles mehr. W\u00e4hrend der Freispielzeit haben die Kinder die M\u00f6glichkeit die anderen Gruppen zu besuchen und weitere Bereiche zum Spielen und zu nutzen.<\/p>\n<p>Der gro\u00dfz\u00fcgig angelegte Garten mit vielen verschiedenen Spielbereichen steht allen Kindern zur Verf\u00fcgung und wird bei jedem Wetter genutzt.<\/p>\n","protected":false},"excerpt":{"rendered":"<p>Bereits im Jahr 1964 \u00f6ffnete der Kindergarten St. Erhard zum ersten mal seine T\u00fcren. Mittlerweile sind viele Jahre vergangen und unsers Haus hat viele Ver\u00e4nderungen mitgemacht. Seit 2008 sind die Kinder in einem neu gebauten Geb\u00e4ude untergebracht. Wir arbeiten mit einem teiloffenen Konzept, d. h. die Kinder sind in ihrer Heimatgruppe &#8222;zu Hause&#8220;, in der &hellip; <\/p>\n<p class=\"link-more\"><a href=\"https:\/\/kindergarten.sterhard.de\/?page_id=87\" class=\"more-link\"><span class=\"screen-reader-text\">\u201eUnser Kindergarten\u201c<\/span> weiterlesen<\/a><\/p>\n","protected":false},"author":1,"featured_media":0,"parent":0,"menu_order":2,"comment_status":"closed","ping_status":"closed","template":"","meta":[],"_links":{"self":[{"href":"https:\/\/kindergarten.sterhard.de\/index.php?rest_route=\/wp\/v2\/pages\/87"}],"collection":[{"href":"https:\/\/kindergarten.sterhard.de\/index.php?rest_route=\/wp\/v2\/pages"}],"about":[{"href":"https:\/\/kindergarten.sterhard.de\/index.php?rest_route=\/wp\/v2\/types\/page"}],"author":[{"embeddable":true,"href":"https:\/\/kindergarten.sterhard.de\/index.php?rest_route=\/wp\/v2\/users\/1"}],"replies":[{"embeddable":true,"href":"https:\/\/kindergarten.sterhard.de\/index.php?rest_route=%2Fwp%2Fv2%2Fcomments&post=87"}],"version-history":[{"count":4,"href":"https:\/\/kindergarten.sterhard.de\/index.php?rest_route=\/wp\/v2\/pages\/87\/revisions"}],"predecessor-version":[{"id":897,"href":"https:\/\/kindergarten.sterhard.de\/index.php?rest_route=\/wp\/v2\/pages\/87\/revisions\/897"}],"wp:attachment":[{"href":"https:\/\/kindergarten.sterhard.de\/index.php?rest_route=%2Fwp%2Fv2%2Fmedia&parent=87"}],"curies":[{"name":"wp","href":"https:\/\/api.w.org\/{rel}","templated":true}]}}