{"id":917,"date":"2026-04-08T12:43:10","date_gmt":"2026-04-08T12:43:10","guid":{"rendered":"https:\/\/kindergarten.sterhard.de\/?page_id=917"},"modified":"2026-04-08T12:47:48","modified_gmt":"2026-04-08T12:47:48","slug":"social-media","status":"publish","type":"page","link":"https:\/\/kindergarten.sterhard.de\/?page_id=917","title":{"rendered":"Social Media"},"content":{"rendered":"\n<p>Liebe Eltern, gesch\u00e4tzte Angeh\u00f6rige und Freunde unserer Einrichtung,<\/p>\n\n\n\n<p>wir legen gro\u00dfen Wert auf eine transparente Kommunikation und m\u00f6chten Ihnen gerne noch mehr Einblicke in das t\u00e4gliche Miteinander und die p\u00e4dagogischen Erlebnisse Ihrer Kinder erm\u00f6glichen.<\/p>\n\n\n\n<p>Daher freuen wir uns sehr, Ihnen mitteilen zu k\u00f6nnen, dass unser Kindergarten nun auch mit eigenen Profilen bei <strong>Facebook<\/strong> und <strong>Instagram<\/strong> vertreten ist. Dort pr\u00e4sentieren wir Ihnen regelm\u00e4\u00dfig Impressionen aus unserem bunten Alltag, berichten von Projekten und informieren \u00fcber anstehende Termine.<\/p>\n\n\n\n<p>Wir laden Sie herzlich ein, uns auf diesen Kan\u00e4len zu besuchen und Teil unserer Online-Gemeinschaft zu werden.<\/p>\n\n\n\n<p><strong>Sie finden uns unter folgenden Links:<\/strong><\/p>\n\n\n\n<p><a rel=\"noreferrer noopener\" href=\"https:\/\/www.facebook.com\/share\/1CvfpSg99n\/\" target=\"_blank\">https:\/\/www.facebook.com\/share\/1CvfpSg99n\/<\/a><\/p>\n\n\n\n<p><a rel=\"noreferrer noopener\" href=\"https:\/\/www.instagram.com\/kindergarten_st.erhard?igsh=MTI2bnl6dDBqMTNtNQ==\" target=\"_blank\">https:\/\/www.instagram.com\/kindergarten_st.erhard?igsh=MTI2bnl6dDBqMTNtNQ==<\/a><br><\/p>\n","protected":false},"excerpt":{"rendered":"<p>Liebe Eltern, gesch\u00e4tzte Angeh\u00f6rige und Freunde unserer Einrichtung, wir legen gro\u00dfen Wert auf eine transparente Kommunikation und m\u00f6chten Ihnen gerne noch mehr Einblicke in das t\u00e4gliche Miteinander und die p\u00e4dagogischen Erlebnisse Ihrer Kinder erm\u00f6glichen. Daher freuen wir uns sehr, Ihnen mitteilen zu k\u00f6nnen, dass unser Kindergarten nun auch mit eigenen Profilen bei Facebook und Instagram &hellip; <\/p>\n<p class=\"link-more\"><a href=\"https:\/\/kindergarten.sterhard.de\/?page_id=917\" class=\"more-link\"><span class=\"screen-reader-text\">\u201eSocial Media\u201c<\/span> weiterlesen<\/a><\/p>\n","protected":false},"author":1,"featured_media":0,"parent":0,"menu_order":0,"comment_status":"closed","ping_status":"closed","template":"","meta":[],"_links":{"self":[{"href":"https:\/\/kindergarten.sterhard.de\/index.php?rest_route=\/wp\/v2\/pages\/917"}],"collection":[{"href":"https:\/\/kindergarten.sterhard.de\/index.php?rest_route=\/wp\/v2\/pages"}],"about":[{"href":"https:\/\/kindergarten.sterhard.de\/index.php?rest_route=\/wp\/v2\/types\/page"}],"author":[{"embeddable":true,"href":"https:\/\/kindergarten.sterhard.de\/index.php?rest_route=\/wp\/v2\/users\/1"}],"replies":[{"embeddable":true,"href":"https:\/\/kindergarten.sterhard.de\/index.php?rest_route=%2Fwp%2Fv2%2Fcomments&post=917"}],"version-history":[{"count":5,"href":"https:\/\/kindergarten.sterhard.de\/index.php?rest_route=\/wp\/v2\/pages\/917\/revisions"}],"predecessor-version":[{"id":926,"href":"https:\/\/kindergarten.sterhard.de\/index.php?rest_route=\/wp\/v2\/pages\/917\/revisions\/926"}],"wp:attachment":[{"href":"https:\/\/kindergarten.sterhard.de\/index.php?rest_route=%2Fwp%2Fv2%2Fmedia&parent=917"}],"curies":[{"name":"wp","href":"https:\/\/api.w.org\/{rel}","templated":true}]}}